{"id":3525,"date":"2023-10-13T11:15:59","date_gmt":"2023-10-13T09:15:59","guid":{"rendered":"https:\/\/apihurdes.es\/?post_type=product&#038;p=3525"},"modified":"2024-09-03T18:38:03","modified_gmt":"2024-09-03T16:38:03","slug":"alimento-ambrosia-caja-125-kg","status":"publish","type":"product","link":"https:\/\/apihurdes.es\/en\/product\/alimento-ambrosia-caja-125-kg\/","title":{"rendered":"Ambrosia Food - 12,5 kg box"},"content":{"rendered":"<p>Alimento s\u00f3lido para la colmena<\/p>","protected":false},"excerpt":{"rendered":"<p class=\"p1\">Alimento s\u00f3lido para la colmena de f\u00e1cil manejo y con unas caracter\u00edsticas id\u00f3neas para las abejas. Est\u00e1 compuesto por az\u00facar (Sacarosa), glucosa l\u00edquida y jarabe de az\u00facar invertido. Sus componentes anal\u00edticos son los siguientes:<\/p>\n<p class=\"p1\">Prote\u00edna bruta 0% .<\/p>\n<p class=\"p1\">Fibra bruta 0%.<\/p>\n<p class=\"p1\">Grasa bruta 0%.<\/p>\n<p class=\"p1\">Az\u00facar total (sacarosa) 84%.<\/p>\n<p class=\"p1\">Cada caja posee 5 unidades de 2,5 Kg netos del producto.<\/p>","protected":false},"featured_media":3529,"comment_status":"open","ping_status":"closed","template":"","meta":[],"product_brand":[],"product_cat":[],"product_tag":[],"class_list":{"0":"post-3525","1":"product","2":"type-product","3":"status-publish","4":"has-post-thumbnail","7":"first","8":"instock","9":"taxable","10":"shipping-taxable","11":"purchasable","12":"product-type-simple"},"_links":{"self":[{"href":"https:\/\/apihurdes.es\/en\/wp-json\/wp\/v2\/product\/3525","targetHints":{"allow":["GET"]}}],"collection":[{"href":"https:\/\/apihurdes.es\/en\/wp-json\/wp\/v2\/product"}],"about":[{"href":"https:\/\/apihurdes.es\/en\/wp-json\/wp\/v2\/types\/product"}],"replies":[{"embeddable":true,"href":"https:\/\/apihurdes.es\/en\/wp-json\/wp\/v2\/comments?post=3525"}],"wp:featuredmedia":[{"embeddable":true,"href":"https:\/\/apihurdes.es\/en\/wp-json\/wp\/v2\/media\/3529"}],"wp:attachment":[{"href":"https:\/\/apihurdes.es\/en\/wp-json\/wp\/v2\/media?parent=3525"}],"wp:term":[{"taxonomy":"product_brand","embeddable":true,"href":"https:\/\/apihurdes.es\/en\/wp-json\/wp\/v2\/product_brand?post=3525"},{"taxonomy":"product_cat","embeddable":true,"href":"https:\/\/apihurdes.es\/en\/wp-json\/wp\/v2\/product_cat?post=3525"},{"taxonomy":"product_tag","embeddable":true,"href":"https:\/\/apihurdes.es\/en\/wp-json\/wp\/v2\/product_tag?post=3525"}],"curies":[{"name":"wp","href":"https:\/\/api.w.org\/{rel}","templated":true}]}}