{"id":3572,"date":"2023-10-13T13:00:59","date_gmt":"2023-10-13T11:00:59","guid":{"rendered":"https:\/\/apihurdes.es\/?post_type=product&#038;p=3572"},"modified":"2024-10-25T12:24:58","modified_gmt":"2024-10-25T10:24:58","slug":"buzo-de-tergal-tallas-48-62","status":"publish","type":"product","link":"https:\/\/apihurdes.es\/en\/product\/buzo-de-tergal-tallas-48-62\/","title":{"rendered":"Tergal Overall Sizes 48-62"},"content":{"rendered":"<p class=\"p1\">Buzo de Tergal Tallas 48-62: Mono de trabajo, ideal para utilizar durante la \u00e9poca de invierno.<\/p>","protected":false},"excerpt":{"rendered":"<p class=\"p1\">Buzo de Tergal Tallas 48-62: Mono de trabajo, ideal para utilizar durante la \u00e9poca de invierno. Cuenta con 5 bolsillos exteriores que te permitir\u00e1n guardar peque\u00f1as piezas y herramientas para hacer m\u00e1s f\u00e1cil tu trabajo. Dispone de un sistema de cierre con cremallera. Hay en los colores azul, amarillo y blanco.<\/p>\n<p class=\"p1\">Disponible las tallas 48, 50, 52, 54, 56, 58, 60 y 62<\/p>","protected":false},"featured_media":3573,"comment_status":"closed","ping_status":"closed","template":"","meta":[],"product_brand":[],"product_cat":[],"product_tag":[],"class_list":{"0":"post-3572","1":"product","2":"type-product","3":"status-publish","4":"has-post-thumbnail","7":"first","8":"instock","9":"taxable","10":"shipping-taxable","11":"purchasable","12":"product-type-simple"},"_links":{"self":[{"href":"https:\/\/apihurdes.es\/en\/wp-json\/wp\/v2\/product\/3572","targetHints":{"allow":["GET"]}}],"collection":[{"href":"https:\/\/apihurdes.es\/en\/wp-json\/wp\/v2\/product"}],"about":[{"href":"https:\/\/apihurdes.es\/en\/wp-json\/wp\/v2\/types\/product"}],"replies":[{"embeddable":true,"href":"https:\/\/apihurdes.es\/en\/wp-json\/wp\/v2\/comments?post=3572"}],"wp:featuredmedia":[{"embeddable":true,"href":"https:\/\/apihurdes.es\/en\/wp-json\/wp\/v2\/media\/3573"}],"wp:attachment":[{"href":"https:\/\/apihurdes.es\/en\/wp-json\/wp\/v2\/media?parent=3572"}],"wp:term":[{"taxonomy":"product_brand","embeddable":true,"href":"https:\/\/apihurdes.es\/en\/wp-json\/wp\/v2\/product_brand?post=3572"},{"taxonomy":"product_cat","embeddable":true,"href":"https:\/\/apihurdes.es\/en\/wp-json\/wp\/v2\/product_cat?post=3572"},{"taxonomy":"product_tag","embeddable":true,"href":"https:\/\/apihurdes.es\/en\/wp-json\/wp\/v2\/product_tag?post=3572"}],"curies":[{"name":"wp","href":"https:\/\/api.w.org\/{rel}","templated":true}]}}