{"id":3574,"date":"2023-10-13T13:04:12","date_gmt":"2023-10-13T11:04:12","guid":{"rendered":"https:\/\/apihurdes.es\/?post_type=product&#038;p=3574"},"modified":"2024-10-24T16:35:41","modified_gmt":"2024-10-24T14:35:41","slug":"buzo-de-tergal-tallas-64-70","status":"publish","type":"product","link":"https:\/\/apihurdes.es\/en\/product\/buzo-de-tergal-tallas-64-70\/","title":{"rendered":"Tergal Coverall Sizes 64-70"},"content":{"rendered":"<p class=\"p1\">Buzo de Tergal Tallas 64-70: Buzo. Mono de trabajo, ideal para utilizar durante la \u00e9poca de invierno.<\/p>","protected":false},"excerpt":{"rendered":"<p class=\"p1\">Buzo: Mono de trabajo, ideal para utilizar durante la \u00e9poca de invierno. Cuenta con 5 bolsillos exteriores que te permitir\u00e1n guardar peque\u00f1as piezas y herramientas para hacer m\u00e1s f\u00e1cil tu trabajo. Dispone de un sistema de cierre con cremallera. Hay en los colores azul, amarillo y blanco.<\/p>\n<p class=\"p1\">Disponible las tallas<span class=\"Apple-converted-space\">\u00a0 <\/span>64, 66, 68 y 70<\/p>","protected":false},"featured_media":3575,"comment_status":"closed","ping_status":"closed","template":"","meta":[],"product_brand":[],"product_cat":[],"product_tag":[],"class_list":{"0":"post-3574","1":"product","2":"type-product","3":"status-publish","4":"has-post-thumbnail","7":"first","8":"instock","9":"taxable","10":"shipping-taxable","11":"purchasable","12":"product-type-simple"},"_links":{"self":[{"href":"https:\/\/apihurdes.es\/en\/wp-json\/wp\/v2\/product\/3574","targetHints":{"allow":["GET"]}}],"collection":[{"href":"https:\/\/apihurdes.es\/en\/wp-json\/wp\/v2\/product"}],"about":[{"href":"https:\/\/apihurdes.es\/en\/wp-json\/wp\/v2\/types\/product"}],"replies":[{"embeddable":true,"href":"https:\/\/apihurdes.es\/en\/wp-json\/wp\/v2\/comments?post=3574"}],"wp:featuredmedia":[{"embeddable":true,"href":"https:\/\/apihurdes.es\/en\/wp-json\/wp\/v2\/media\/3575"}],"wp:attachment":[{"href":"https:\/\/apihurdes.es\/en\/wp-json\/wp\/v2\/media?parent=3574"}],"wp:term":[{"taxonomy":"product_brand","embeddable":true,"href":"https:\/\/apihurdes.es\/en\/wp-json\/wp\/v2\/product_brand?post=3574"},{"taxonomy":"product_cat","embeddable":true,"href":"https:\/\/apihurdes.es\/en\/wp-json\/wp\/v2\/product_cat?post=3574"},{"taxonomy":"product_tag","embeddable":true,"href":"https:\/\/apihurdes.es\/en\/wp-json\/wp\/v2\/product_tag?post=3574"}],"curies":[{"name":"wp","href":"https:\/\/api.w.org\/{rel}","templated":true}]}}